{"id":219,"date":"2022-07-14T09:11:23","date_gmt":"2022-07-14T07:11:23","guid":{"rendered":"https:\/\/bigbamboo.eu\/website2022\/?page_id=219"},"modified":"2022-07-18T11:43:44","modified_gmt":"2022-07-18T09:43:44","slug":"jobs-karriere","status":"publish","type":"page","link":"https:\/\/bigbamboo.eu\/website2022\/jobs-karriere\/","title":{"rendered":"Jobs &#038; Karriere"},"content":{"rendered":"\n<div class=\"wp-block-group jobs\"><div class=\"wp-block-group__inner-container is-layout-flow wp-block-group-is-layout-flow\">\n<div class=\"container\">\n\t\t<div class=\"space-25\"><\/div>\n\t\t<p id=\"langheader\">Sprache \/ limb\u0103 \/ idioma:<\/p>\n\t\t<select id=\"lang\" onchange=\"\/*document.getElementById('flag').src = this.value + '.jpg' *\/\">\n\t\t\t<option value=\"Deutsch\">Deutsch<\/option>\n\t\t\t<option value=\"Romana\">Romana<\/option>\n\t\t\t<option value=\"Spaniola\">Spaniola<\/option>\n\t\t<\/select>\n\t\t<img decoding=\"async\" id=\"flag\" src=\"\">\n\t<\/div>\n\n\n\n<div class=\"wp-block-group\"><div class=\"wp-block-group__inner-container is-layout-flow wp-block-group-is-layout-flow\">\n<h1 class=\"wp-block-heading\" id=\"_header\">Jobs &amp; Stellenangebote<\/h1>\n\n\n\n<h3 class=\"wp-block-heading\" id=\"_sub1\">Wir suchen ab sofort einen<\/h3>\n\n\n\n<h2 class=\"wp-block-heading\" id=\"_sub2\">Animateur<\/h2>\n\n\n\n<h4 class=\"wp-block-heading\" id=\"_sub3\">Einsatzort: Deutschland<\/h4>\n\n\n\n<p id=\"_des1\">Kirmesarbeit ist Saisonarbeit. In der Regel geht unsere Saison von Mitte M\u00e4rz bis 22. Dezember (insgesamt ca. 9 Monate).<\/p>\n\n\n\n<p id=\"_des2\">Hast Du Lust auf eine neue Herausforderung? Bist Du \u00fcber 18 Jahre, teamf\u00e4hig, belastbar und verantwortungsbewusst? Dann bist Du bei uns an der richtigen Adresse.<\/p>\n\n\n\n<p id=\"_des3\">Finde Deine Berufung und komm&#8216; ins Team!<\/p>\n\n\n\n<h4 class=\"wp-block-heading\" id=\"_taskHead\">Deine Aufgaben:<\/h4>\n\n\n\n<ul class=\"wp-block-list\" id=\"_task1\"><li>Durchf\u00fchrung eines Animations- und Showprogramms<\/li><\/ul>\n\n\n\n<ul class=\"wp-block-list\" id=\"_task2\"><li>Auf- und Abbauen einer Kirmesanlage (Laufgesch\u00e4ft)<\/li><\/ul>\n\n\n\n<ul class=\"wp-block-list\" id=\"_task3\"><li>Verantwortung f\u00fcr den reibungslosen Ablauf der Anlage<\/li><\/ul>\n\n\n\n<ul class=\"wp-block-list\" id=\"_task4\"><li>Pflege und Instandhaltungsarbeiten<\/li><\/ul>\n\n\n\n<h3 class=\"wp-block-heading\" id=\"_taskSub\">Wir Erwarten von Dir, dass Du\u2026<\/h3>\n\n\n\n<ul class=\"wp-block-list\" id=\"_task5\"><li>\u2026sympathisch, kontaktfreudig, humorvoll bist und Freude am Umgang und der Arbeit mit Menschen hast.<\/li><\/ul>\n\n\n\n<ul class=\"wp-block-list\" id=\"_task6\"><li>\u2026eine logische Denkweise besitzt.<\/li><\/ul>\n\n\n\n<ul class=\"wp-block-list\" id=\"_task7\"><li>\u2026bei der Arbeit nicht auf die Uhr schaust.<\/li><\/ul>\n\n\n\n<ul class=\"wp-block-list\" id=\"_task8\"><li>\u2026selbst\u00e4ndig arbeitend und belastbar bist.<\/li><\/ul>\n\n\n\n<ul class=\"wp-block-list\" id=\"_task9\"><li>\u2026auch in Stresssituationen den \u00dcberblick beh\u00e4ltst.<\/li><\/ul>\n\n\n\n<h3 class=\"wp-block-heading\" id=\"_offerHead\">Erf\u00fcllst Du diese Vorraussetzungen? Hier unser Angebot:<\/h3>\n\n\n\n<ul class=\"wp-block-list\" id=\"_offer1\"><li>Du wirst Mitglied eines dynamischen Teams.<\/li><\/ul>\n\n\n\n<ul class=\"wp-block-list\" id=\"_offer2\"><li>Fundierte Einarbeitung \/ Probezeit und professionelle Animationspraxis mit abschlie\u00dfendem Zertifikat.<\/li><\/ul>\n\n\n\n<ul class=\"wp-block-list\" id=\"_offer3\"><li>Arbeitsvertrag mit voller sozialer Sicherung und einem marktgerechten Gehalt.<\/li><\/ul>\n\n\n\n<ul class=\"wp-block-list\" id=\"_offer4\"><li>Krankenversicherung.<\/li><\/ul>\n\n\n\n<ul class=\"wp-block-list\" id=\"_offer5\"><li>\u00dcbernahme Deiner Einreise (Pauschale).<\/li><\/ul>\n\n\n\n<ul class=\"wp-block-list\" id=\"_offer6\"><li>Freie Unterkunft am Einsatzort.<\/li><\/ul>\n\n\n\n<ul class=\"wp-block-list\" id=\"_offer7\"><li>Einzahlung in Deine Rentenkasse.<\/li><\/ul>\n\n\n\n<ul class=\"wp-block-list\" id=\"_offer8\"><li>Kostenlose \u00dcbergabe Deiner Teamkleidung &#8211; und teilweise Funktionskleidung f\u00fcr Deinen Bereich.<\/li><\/ul>\n\n\n\n<ul class=\"wp-block-list\" id=\"_offer9\"><li>Nach einer Saison \u2013 Lohnerh\u00f6hung m\u00f6glich<\/li><\/ul>\n\n\n\n<ul class=\"wp-block-list\" id=\"_offer10\"><li>Aufstiegsm\u00f6glichkeiten\/ Karrierechance als Teamcoach.<\/li><\/ul>\n<\/div><\/div>\n\n\n\n<h3 class=\"wp-block-heading\">Selbsttest &amp; Bewerbung<\/h3>\n\n\n<div role=\"form\" class=\"wpcf7\" id=\"wpcf7-f235-o1\" lang=\"de-DE\" dir=\"ltr\">\n<div class=\"screen-reader-response\"><p role=\"status\" aria-live=\"polite\" aria-atomic=\"true\"><\/p> <ul><\/ul><\/div>\n<form action=\"\/website2022\/wp-json\/wp\/v2\/pages\/219#wpcf7-f235-o1\" method=\"post\" class=\"wpcf7-form init\" enctype=\"multipart\/form-data\" novalidate=\"novalidate\" data-status=\"init\">\n<div style=\"display: none;\">\n<input type=\"hidden\" name=\"_wpcf7\" value=\"235\" \/>\n<input type=\"hidden\" name=\"_wpcf7_version\" value=\"5.5.6.1\" \/>\n<input type=\"hidden\" name=\"_wpcf7_locale\" value=\"de_DE\" \/>\n<input type=\"hidden\" name=\"_wpcf7_unit_tag\" value=\"wpcf7-f235-o1\" \/>\n<input type=\"hidden\" name=\"_wpcf7_container_post\" value=\"0\" \/>\n<input type=\"hidden\" name=\"_wpcf7_posted_data_hash\" value=\"\" \/>\n<\/div>\n<p><span id=\"_testq1\">Auf Big Bamboo hei\u00dfen wir unsere G\u00e4ste Willkommen. Was tust du, wenn Du einem Gast begegnest?<\/span><br \/>\n<span class=\"wpcf7-form-control-wrap radio-790\"><span class=\"wpcf7-form-control wpcf7-radio\"><span class=\"wpcf7-list-item first\"><label><input type=\"radio\" name=\"radio-790\" value=\"Ich gehe auf ihn zu und begr\u00fc\u00dfe ihn.\" \/><span class=\"wpcf7-list-item-label\">Ich gehe auf ihn zu und begr\u00fc\u00dfe ihn.<\/span><\/label><\/span><span class=\"wpcf7-list-item last\"><label><input type=\"radio\" name=\"radio-790\" value=\"Ich warte erst bis er was zu mir sagt.\" \/><span class=\"wpcf7-list-item-label\">Ich warte erst bis er was zu mir sagt.<\/span><\/label><\/span><\/span><\/span><\/p>\n<p><span id=\"_testq2\">Hast du eine Vorstellung davon, was dich auf einer Kirmes erwartet?<\/span><br \/>\n<span class=\"wpcf7-form-control-wrap radio-791\"><span class=\"wpcf7-form-control wpcf7-radio\"><span class=\"wpcf7-list-item first\"><label><input type=\"radio\" name=\"radio-791\" value=\"Ja, ich habe sogar schon auf der Kirmes gearbeitet oder habe davon geh\u00f6rt.\" \/><span class=\"wpcf7-list-item-label\">Ja, ich habe sogar schon auf der Kirmes gearbeitet oder habe davon geh\u00f6rt.<\/span><\/label><\/span><span class=\"wpcf7-list-item last\"><label><input type=\"radio\" name=\"radio-791\" value=\"So richtig kann ich mir das nicht vorstellen.\" \/><span class=\"wpcf7-list-item-label\">So richtig kann ich mir das nicht vorstellen.<\/span><\/label><\/span><\/span><\/span><\/p>\n<p><span id=\"_testq3\">Schaffst Du es auch noch in den sp\u00e4ten Abendstunden f\u00fcr Stimmung zu sorgen?<\/span><br \/>\n<span class=\"wpcf7-form-control-wrap radio-792\"><span class=\"wpcf7-form-control wpcf7-radio\"><span class=\"wpcf7-list-item first\"><label><input type=\"radio\" name=\"radio-792\" value=\"Da m\u00fcsste ich mich schon aufraffen, schlie\u00dflich will man ja irgendwann mal Feierabend haben.\" \/><span class=\"wpcf7-list-item-label\">Da m\u00fcsste ich mich schon aufraffen, schlie\u00dflich will man ja irgendwann mal Feierabend haben.<\/span><\/label><\/span><span class=\"wpcf7-list-item last\"><label><input type=\"radio\" name=\"radio-792\" value=\"Na klar, mit mir kommt keine Langeweile auf. Egal was f\u00fcr eine Uhrzeit.\" \/><span class=\"wpcf7-list-item-label\">Na klar, mit mir kommt keine Langeweile auf. Egal was f\u00fcr eine Uhrzeit.<\/span><\/label><\/span><\/span><\/span><\/p>\n<p><span id=\"_testq4\">Kommst Du mit betrunkenen G\u00e4sten klar?<\/span><br \/>\n<span class=\"wpcf7-form-control-wrap radio-793\"><span class=\"wpcf7-form-control wpcf7-radio\"><span class=\"wpcf7-list-item first\"><label><input type=\"radio\" name=\"radio-793\" value=\"Auf jeden Fall, ich bleib immer freundlich und lass mich auch nicht provozieren.\" \/><span class=\"wpcf7-list-item-label\">Auf jeden Fall, ich bleib immer freundlich und lass mich auch nicht provozieren.<\/span><\/label><\/span><span class=\"wpcf7-list-item last\"><label><input type=\"radio\" name=\"radio-793\" value=\"So lange er mich nicht dumm anquatscht ist alles in Ordnung.\" \/><span class=\"wpcf7-list-item-label\">So lange er mich nicht dumm anquatscht ist alles in Ordnung.<\/span><\/label><\/span><\/span><\/span><\/p>\n<p><span id=\"_testq5\">Ein kleines Kind kommt auf dem Parcours nicht weiter, was machst Du?<\/span><br \/>\n<span class=\"wpcf7-form-control-wrap radio-794\"><span class=\"wpcf7-form-control wpcf7-radio\"><span class=\"wpcf7-list-item first\"><label><input type=\"radio\" name=\"radio-794\" value=\"Ich beobachte die Situation und gib den Eltern bescheid das sie sich drum k\u00fcmmern sollen.\" \/><span class=\"wpcf7-list-item-label\">Ich beobachte die Situation und gib den Eltern bescheid das sie sich drum k\u00fcmmern sollen.<\/span><\/label><\/span><span class=\"wpcf7-list-item last\"><label><input type=\"radio\" name=\"radio-794\" value=\"Ich helfe.\" \/><span class=\"wpcf7-list-item-label\">Ich helfe.<\/span><\/label><\/span><\/span><\/span><\/p>\n<p><span id=\"_testq6\">Bist Du bereit, eine ganze Saison mit einem anderen Animateur in einem Zimmer zu wohnen?<\/span><br \/>\n<span class=\"wpcf7-form-control-wrap radio-795\"><span class=\"wpcf7-form-control wpcf7-radio\"><span class=\"wpcf7-list-item first\"><label><input type=\"radio\" name=\"radio-795\" value=\"Eher Nein, ich brauche Zeit und Raum f\u00fcr mich alleine.\" \/><span class=\"wpcf7-list-item-label\">Eher Nein, ich brauche Zeit und Raum f\u00fcr mich alleine.<\/span><\/label><\/span><span class=\"wpcf7-list-item last\"><label><input type=\"radio\" name=\"radio-795\" value=\"Kann schon sein, dass das manchmal nervt. Aber Ich stell\u00b4s mir insgesamt sehr nett vor.\" \/><span class=\"wpcf7-list-item-label\">Kann schon sein, dass das manchmal nervt. Aber Ich stell\u00b4s mir insgesamt sehr nett vor.<\/span><\/label><\/span><\/span><\/span><\/p>\n<p><span id=\"_testq7\">Hast Du ein Problem damit, vor einem Publikum zu tanzen?<\/span><br \/>\n<span class=\"wpcf7-form-control-wrap radio-796\"><span class=\"wpcf7-form-control wpcf7-radio\"><span class=\"wpcf7-list-item first\"><label><input type=\"radio\" name=\"radio-796\" value=\"Nein kein Problem, das geh\u00f6rt einfach dazu.\" \/><span class=\"wpcf7-list-item-label\">Nein kein Problem, das geh\u00f6rt einfach dazu.<\/span><\/label><\/span><span class=\"wpcf7-list-item last\"><label><input type=\"radio\" name=\"radio-796\" value=\"Wei\u00df ich nicht genau, k\u00f6nnte mir peinlich sein.\" \/><span class=\"wpcf7-list-item-label\">Wei\u00df ich nicht genau, k\u00f6nnte mir peinlich sein.<\/span><\/label><\/span><\/span><\/span><\/p>\n<p><span id=\"_testq8\">Macht es Dir was aus ein Kost\u00fcm anzuziehen?<\/span><br \/>\n<span class=\"wpcf7-form-control-wrap radio-797\"><span class=\"wpcf7-form-control wpcf7-radio\"><span class=\"wpcf7-list-item first\"><label><input type=\"radio\" name=\"radio-797\" value=\"N\u00f6, finde ich sogar witzig wenn ich die G\u00e4ste zum lachen bringen kann.\" \/><span class=\"wpcf7-list-item-label\">N\u00f6, finde ich sogar witzig wenn ich die G\u00e4ste zum lachen bringen kann.<\/span><\/label><\/span><span class=\"wpcf7-list-item last\"><label><input type=\"radio\" name=\"radio-797\" value=\"Ist nicht mein Ding.\" \/><span class=\"wpcf7-list-item-label\">Ist nicht mein Ding.<\/span><\/label><\/span><\/span><\/span><\/p>\n<p><span id=\"_testq9\">Kannst du gut damit umgehen, wenn es bei der Arbeit mal drunter und dr\u00fcber geht und viel Leistung gefordert ist?<\/span><br \/>\n<span class=\"wpcf7-form-control-wrap radio-798\"><span class=\"wpcf7-form-control wpcf7-radio\"><span class=\"wpcf7-list-item first\"><label><input type=\"radio\" name=\"radio-798\" value=\"Das gelingt mir nicht immer.\" \/><span class=\"wpcf7-list-item-label\">Das gelingt mir nicht immer.<\/span><\/label><\/span><span class=\"wpcf7-list-item last\"><label><input type=\"radio\" name=\"radio-798\" value=\"Ja, ich behalte meistens einen k\u00fchlen Kopf und lasse mich nicht unterkriegen.\" \/><span class=\"wpcf7-list-item-label\">Ja, ich behalte meistens einen k\u00fchlen Kopf und lasse mich nicht unterkriegen.<\/span><\/label><\/span><\/span><\/span><\/p>\n<p><span id=\"_testq10\">Kirmestage sind lang, und richtig zur Ruhe kommst Du erst wieder wenn die Saison vorbei ist. Kommst Du damit klar?<\/span><br \/>\n<span class=\"wpcf7-form-control-wrap radio-799\"><span class=\"wpcf7-form-control wpcf7-radio\"><span class=\"wpcf7-list-item first\"><label><input type=\"radio\" name=\"radio-799\" value=\"Das m\u00fcsste ich ausprobieren, kann ich nicht mit Sicherheit sagen.\" \/><span class=\"wpcf7-list-item-label\">Das m\u00fcsste ich ausprobieren, kann ich nicht mit Sicherheit sagen.<\/span><\/label><\/span><span class=\"wpcf7-list-item last\"><label><input type=\"radio\" name=\"radio-799\" value=\"Ich stelle es mir teils anstrengend vor, aber: Ich kann das!\" \/><span class=\"wpcf7-list-item-label\">Ich stelle es mir teils anstrengend vor, aber: Ich kann das!<\/span><\/label><\/span><\/span><\/span><\/p>\n<h3 id=\"_appHead\">Jetzt online bewerben!<\/h3>\n<p><span id=\"_app1\">Name *<\/span><br \/>\n<span class=\"wpcf7-form-control-wrap text-950\"><input type=\"text\" name=\"text-950\" value=\"\" size=\"40\" class=\"wpcf7-form-control wpcf7-text wpcf7-validates-as-required\" aria-required=\"true\" aria-invalid=\"false\" \/><\/span><\/p>\n<p><span id=\"_app2\">Vorname *<\/span><br \/>\n<span class=\"wpcf7-form-control-wrap text-951\"><input type=\"text\" name=\"text-951\" value=\"\" size=\"40\" class=\"wpcf7-form-control wpcf7-text wpcf7-validates-as-required\" aria-required=\"true\" aria-invalid=\"false\" \/><\/span><\/p>\n<p><span id=\"_app3\">E-Mail *<\/span><br \/>\n<span class=\"wpcf7-form-control-wrap text-952\"><input type=\"text\" name=\"text-952\" value=\"\" size=\"40\" class=\"wpcf7-form-control wpcf7-text wpcf7-validates-as-required\" aria-required=\"true\" aria-invalid=\"false\" \/><\/span><\/p>\n<p><span id=\"_app4\">Stra\u00dfe *<\/span><br \/>\n<span class=\"wpcf7-form-control-wrap text-953\"><input type=\"text\" name=\"text-953\" value=\"\" size=\"40\" class=\"wpcf7-form-control wpcf7-text wpcf7-validates-as-required\" aria-required=\"true\" aria-invalid=\"false\" \/><\/span><\/p>\n<p><span id=\"_app5\">PLZ *<\/span><br \/>\n<span class=\"wpcf7-form-control-wrap text-954\"><input type=\"text\" name=\"text-954\" value=\"\" size=\"40\" class=\"wpcf7-form-control wpcf7-text wpcf7-validates-as-required\" aria-required=\"true\" aria-invalid=\"false\" \/><\/span><\/p>\n<p><span id=\"_app6\">Ort *<\/span><br \/>\n<span class=\"wpcf7-form-control-wrap text-955\"><input type=\"text\" name=\"text-955\" value=\"\" size=\"40\" class=\"wpcf7-form-control wpcf7-text wpcf7-validates-as-required\" aria-required=\"true\" aria-invalid=\"false\" \/><\/span><\/p>\n<p><span id=\"_app7\">Land *<\/span><br \/>\n<span class=\"wpcf7-form-control-wrap text-956\"><input type=\"text\" name=\"text-956\" value=\"\" size=\"40\" class=\"wpcf7-form-control wpcf7-text wpcf7-validates-as-required\" aria-required=\"true\" aria-invalid=\"false\" \/><\/span><\/p>\n<p><span id=\"_app8\">Telefon \/ Mobil *<\/span><br \/>\n<span class=\"wpcf7-form-control-wrap text-957\"><input type=\"text\" name=\"text-957\" value=\"\" size=\"40\" class=\"wpcf7-form-control wpcf7-text wpcf7-validates-as-required\" aria-required=\"true\" aria-invalid=\"false\" \/><\/span><\/p>\n<p id=\"_appUHead\">Wissenswertes \u00fcber dich<\/p>\n<p><span id=\"_appU1\">Familienstand<\/span><br \/>\n<span class=\"wpcf7-form-control-wrap radio-800\"><span class=\"wpcf7-form-control wpcf7-radio\"><span class=\"wpcf7-list-item first\"><label><input type=\"radio\" name=\"radio-800\" value=\"ledig\" \/><span class=\"wpcf7-list-item-label\">ledig<\/span><\/label><\/span><span class=\"wpcf7-list-item last\"><label><input type=\"radio\" name=\"radio-800\" value=\"verheiratet\" \/><span class=\"wpcf7-list-item-label\">verheiratet<\/span><\/label><\/span><\/span><\/span><\/p>\n<p><span id=\"_appU2\">Kinder<\/span><br \/>\n<span class=\"wpcf7-form-control-wrap radio-801\"><span class=\"wpcf7-form-control wpcf7-radio\"><span class=\"wpcf7-list-item first\"><label><input type=\"radio\" name=\"radio-801\" value=\"Ja\" \/><span class=\"wpcf7-list-item-label\">Ja<\/span><\/label><\/span><span class=\"wpcf7-list-item last\"><label><input type=\"radio\" name=\"radio-801\" value=\"Nein\" \/><span class=\"wpcf7-list-item-label\">Nein<\/span><\/label><\/span><\/span><\/span><\/p>\n<p><span id=\"_appU3\">Vorstrafen<\/span><br \/>\n<span class=\"wpcf7-form-control-wrap radio-802\"><span class=\"wpcf7-form-control wpcf7-radio\"><span class=\"wpcf7-list-item first\"><label><input type=\"radio\" name=\"radio-802\" value=\"Ja\" \/><span class=\"wpcf7-list-item-label\">Ja<\/span><\/label><\/span><span class=\"wpcf7-list-item last\"><label><input type=\"radio\" name=\"radio-802\" value=\"Nein\" \/><span class=\"wpcf7-list-item-label\">Nein<\/span><\/label><\/span><\/span><\/span><\/p>\n<p><span id=\"_appU4\">Ich habe Tattoos<\/span><br \/>\n<span class=\"wpcf7-form-control-wrap radio-803\"><span class=\"wpcf7-form-control wpcf7-radio\"><span class=\"wpcf7-list-item first\"><label><input type=\"radio\" name=\"radio-803\" value=\"Ja\" \/><span class=\"wpcf7-list-item-label\">Ja<\/span><\/label><\/span><span class=\"wpcf7-list-item last\"><label><input type=\"radio\" name=\"radio-803\" value=\"Nein\" \/><span class=\"wpcf7-list-item-label\">Nein<\/span><\/label><\/span><\/span><\/span><\/p>\n<p><span id=\"_appU5\">Ich habe Piercings<\/span><br \/>\n<span class=\"wpcf7-form-control-wrap radio-804\"><span class=\"wpcf7-form-control wpcf7-radio\"><span class=\"wpcf7-list-item first\"><label><input type=\"radio\" name=\"radio-804\" value=\"Ja\" \/><span class=\"wpcf7-list-item-label\">Ja<\/span><\/label><\/span><span class=\"wpcf7-list-item last\"><label><input type=\"radio\" name=\"radio-804\" value=\"Nein\" \/><span class=\"wpcf7-list-item-label\">Nein<\/span><\/label><\/span><\/span><\/span><\/p>\n<p><span id=\"_appU6\">Bist du gesundheitlich eingeschr\u00e4nkt. Wenn ja, Grund<\/span><br \/>\n<span class=\"wpcf7-form-control-wrap text-958\"><input type=\"text\" name=\"text-958\" value=\"\" size=\"40\" class=\"wpcf7-form-control wpcf7-text\" aria-invalid=\"false\" \/><\/span><\/p>\n<p><span id=\"_appU7\">Hast du bereits im Tourismus \/ Schaustellergewerbe oder allgemein in Deutschland gearbeitet? Ja, bei...<\/span><br \/>\n<span class=\"wpcf7-form-control-wrap text-959\"><input type=\"text\" name=\"text-959\" value=\"\" size=\"40\" class=\"wpcf7-form-control wpcf7-text\" aria-invalid=\"false\" \/><\/span><\/p>\n<p><span id=\"_appU8\">Besitzt du einen F\u00fchrerschein? Wenn ja, welchen?<\/span><br \/>\n<span class=\"wpcf7-form-control-wrap text-960\"><input type=\"text\" name=\"text-960\" value=\"\" size=\"40\" class=\"wpcf7-form-control wpcf7-text\" aria-invalid=\"false\" \/><\/span><\/p>\n<p><span id=\"_appU9\">Sonstige Angaben zur Berufsausbildung & -erfahrung:<\/span><br \/>\n<span class=\"wpcf7-form-control-wrap text-961\"><input type=\"text\" name=\"text-961\" value=\"\" size=\"40\" class=\"wpcf7-form-control wpcf7-text\" aria-invalid=\"false\" \/><\/span><\/p>\n<p><span id=\"_appU10\">Sprichst du Deutsch?<\/span><br \/>\n<span class=\"wpcf7-form-control-wrap radio-805\"><span class=\"wpcf7-form-control wpcf7-radio\"><span class=\"wpcf7-list-item first\"><label><input type=\"radio\" name=\"radio-805\" value=\"Ja\" \/><span class=\"wpcf7-list-item-label\">Ja<\/span><\/label><\/span><span class=\"wpcf7-list-item last\"><label><input type=\"radio\" name=\"radio-805\" value=\"Nein\" \/><span class=\"wpcf7-list-item-label\">Nein<\/span><\/label><\/span><\/span><\/span><\/p>\n<p><span id=\"_appU11\">Bild (Selfie bevorzugt)<\/span><br \/>\n<span class=\"wpcf7-form-control-wrap file-504\"><input type=\"file\" name=\"file-504\" size=\"40\" class=\"wpcf7-form-control wpcf7-file\" id=\"_appU11\" accept=\".jpg,.jpeg,.png,.gif,.pdf,.doc,.docx,.ppt,.pptx,.odt,.avi,.ogg,.m4a,.mov,.mp3,.mp4,.mpg,.wav,.wmv\" aria-invalid=\"false\" \/><\/span><\/p>\n<p><span id=\"_appU12\">Sonstiges (Lebenslauf, Zeugnisse, Best\u00e4tigungen, Lizenzen, Referenzen)<\/span><br \/>\n<span class=\"wpcf7-form-control-wrap file-505\"><input type=\"file\" name=\"file-505\" size=\"40\" class=\"wpcf7-form-control wpcf7-file\" id=\"_appU12\" accept=\".jpg,.jpeg,.png,.gif,.pdf,.doc,.docx,.ppt,.pptx,.odt,.avi,.ogg,.m4a,.mov,.mp3,.mp4,.mpg,.wav,.wmv\" aria-invalid=\"false\" \/><\/span><\/p>\n<p><input type=\"submit\" value=\"Senden\" class=\"wpcf7-form-control has-spinner wpcf7-submit\" \/><\/p>\n<div class=\"wpcf7-response-output\" aria-hidden=\"true\"><\/div><\/form><\/div>\n\n\n\n<p><\/p>\n<\/div><\/div>\n","protected":false},"excerpt":{"rendered":"<p>Sprache \/ limb\u0103 \/ idioma: DeutschRomanaSpaniola Jobs &amp; Stellenangebote Wir suchen ab sofort einen Animateur Einsatzort: Deutschland Kirmesarbeit ist Saisonarbeit. In der Regel geht unsere Saison von Mitte M\u00e4rz bis 22. Dezember (insgesamt ca. 9 Monate). Hast Du Lust auf eine neue Herausforderung? Bist Du \u00fcber 18 Jahre, teamf\u00e4hig, belastbar und verantwortungsbewusst? Dann bist Du [&hellip;]<\/p>\n","protected":false},"author":1,"featured_media":0,"parent":0,"menu_order":0,"comment_status":"closed","ping_status":"closed","template":"","meta":{"_genesis_hide_title":false,"_genesis_hide_breadcrumbs":false,"_genesis_hide_singular_image":false,"_genesis_hide_footer_widgets":false,"_genesis_custom_body_class":"","_genesis_custom_post_class":"","_genesis_layout":"","footnotes":""},"class_list":{"0":"post-219","1":"page","2":"type-page","3":"status-publish","5":"entry"},"featured_image_src":null,"featured_image_src_square":null,"_links":{"self":[{"href":"https:\/\/bigbamboo.eu\/website2022\/wp-json\/wp\/v2\/pages\/219","targetHints":{"allow":["GET"]}}],"collection":[{"href":"https:\/\/bigbamboo.eu\/website2022\/wp-json\/wp\/v2\/pages"}],"about":[{"href":"https:\/\/bigbamboo.eu\/website2022\/wp-json\/wp\/v2\/types\/page"}],"author":[{"embeddable":true,"href":"https:\/\/bigbamboo.eu\/website2022\/wp-json\/wp\/v2\/users\/1"}],"replies":[{"embeddable":true,"href":"https:\/\/bigbamboo.eu\/website2022\/wp-json\/wp\/v2\/comments?post=219"}],"version-history":[{"count":20,"href":"https:\/\/bigbamboo.eu\/website2022\/wp-json\/wp\/v2\/pages\/219\/revisions"}],"predecessor-version":[{"id":245,"href":"https:\/\/bigbamboo.eu\/website2022\/wp-json\/wp\/v2\/pages\/219\/revisions\/245"}],"wp:attachment":[{"href":"https:\/\/bigbamboo.eu\/website2022\/wp-json\/wp\/v2\/media?parent=219"}],"curies":[{"name":"wp","href":"https:\/\/api.w.org\/{rel}","templated":true}]}}